{"id":19153,"date":"2014-06-03T11:35:29","date_gmt":"2014-06-03T11:35:29","guid":{"rendered":"http:\/\/demo.select-themes.com\/stockholm15\/?page_id=19153"},"modified":"2018-04-19T09:33:27","modified_gmt":"2018-04-19T07:33:27","slug":"arbeidsmetode","status":"publish","type":"page","link":"https:\/\/365design.no\/index.php\/arbeidsmetode\/","title":{"rendered":"Arbeidsmetode"},"content":{"rendered":"<div class=\"wpb-content-wrapper\"><p>[vc_row type=&#8221;grid&#8221; background_color=&#8221;#ffffff&#8221; padding_top=&#8221;80&#8243; css=&#8221;.vc_custom_1524123205796{padding-top: 0px !important;}&#8221;][vc_column][vc_row_inner type=&#8221;grid&#8221; css=&#8221;.vc_custom_1524123128712{padding-top: 10px !important;}&#8221;][vc_column_inner][vc_column_text]<\/p>\n<h2 style=\"text-align: center;\">V\u00c5R ARBEIDSMETODE<\/h2>\n<p>[\/vc_column_text][vc_separator type=&#8221;small&#8221; up=&#8221;18&#8243; down=&#8221;20&#8243;][vc_column_text]<\/p>\n<p style=\"text-align: center;\">Vi kartlegger, analyserer, definerer og konkluderer.<\/p>\n<p>[\/vc_column_text][\/vc_column_inner][\/vc_row_inner][vc_row_inner type=&#8221;grid&#8221; padding_top=&#8221;85&#8243; padding_bottom=&#8221;90&#8243; css=&#8221;.vc_custom_1524122896482{padding-top: 30px !important;}&#8221;][vc_column_inner width=&#8221;1\/3&#8243;]<div class=\"q_box_holder with_icon\" style=\"\"><div class=\"box_holder_icon\"><div class=\"box_holder_icon_inner   \" style=\"\"><div class=\"icon_holder_inner\"><span class=\"q_font_elegant_holder  \" style=\"font-size: 30px;\"><span class=\"icon_text_icon q_font_elegant_icon icon_house\" aria-hidden=\"true\" style=\"font-size: 30px;\"><\/span><\/span><\/div><\/div><\/div><div class=\"box_holder_inner  center\"><h4 class=\"icon_title\" style=\"\">1. BEFARING<\/h4><p style=\"\">Befaring med kunden. <\/p><\/div><\/div>[vc_separator type=&#8221;transparent&#8221; up=&#8221;29&#8243; down=&#8221;0&#8243;][\/vc_column_inner][vc_column_inner width=&#8221;1\/3&#8243;]<div class=\"q_box_holder with_icon\" style=\"\"><div class=\"box_holder_icon\"><div class=\"box_holder_icon_inner   \" style=\"\"><div class=\"icon_holder_inner\"><span class=\"q_font_elegant_holder  \" style=\"font-size: 30px;\"><span class=\"icon_text_icon q_font_elegant_icon icon_document\" aria-hidden=\"true\" style=\"font-size: 30px;\"><\/span><\/span><\/div><\/div><\/div><div class=\"box_holder_inner  center\"><h4 class=\"icon_title\" style=\"\">2. ANALYSE<\/h4><p style=\"\">Prosjektets rammebetingelser, brukerbehov og \u00f8nsker for prosjektet<\/p><\/div><\/div>[vc_separator type=&#8221;transparent&#8221; up=&#8221;29&#8243; down=&#8221;0&#8243;][\/vc_column_inner][vc_column_inner width=&#8221;1\/3&#8243;]<div class=\"q_box_holder with_icon\" style=\"\"><div class=\"box_holder_icon\"><div class=\"box_holder_icon_inner   \" style=\"\"><div class=\"icon_holder_inner\"><span class=\"q_font_elegant_holder  \" style=\"font-size: 30px;\"><span class=\"icon_text_icon q_font_elegant_icon icon_lightbulb\" aria-hidden=\"true\" style=\"font-size: 30px;\"><\/span><\/span><\/div><\/div><\/div><div class=\"box_holder_inner  center\"><h4 class=\"icon_title\" style=\"\">3. FORPROSJEKT<\/h4><p style=\"\">Utarbeider interi\u00f8rkonsept og skisser<\/p><\/div><\/div>[vc_separator type=&#8221;transparent&#8221; up=&#8221;29&#8243; down=&#8221;0&#8243;][\/vc_column_inner][\/vc_row_inner][vc_row_inner type=&#8221;grid&#8221; padding_top=&#8221;85&#8243; padding_bottom=&#8221;90&#8243; css=&#8221;.vc_custom_1524122896482{padding-top: 30px !important;}&#8221;][vc_column_inner width=&#8221;1\/3&#8243;]<div class=\"q_box_holder with_icon\" style=\"\"><div class=\"box_holder_icon\"><div class=\"box_holder_icon_inner   \" style=\"\"><div class=\"icon_holder_inner\"><span class=\"q_font_elegant_holder  \" style=\"font-size: 30px;\"><span class=\"icon_text_icon q_font_elegant_icon icon_laptop\" aria-hidden=\"true\" style=\"font-size: 30px;\"><\/span><\/span><\/div><\/div><\/div><div class=\"box_holder_inner  center\"><h4 class=\"icon_title\" style=\"\">4. DETALJPROSJEKT<\/h4><p style=\"\">Interi\u00f8rkonsept og skisser videref\u00f8res, samt beskrivelser av overflater, m\u00f8bler, belysning <\/p><\/div><\/div>[vc_separator type=&#8221;transparent&#8221; up=&#8221;29&#8243; down=&#8221;0&#8243;][\/vc_column_inner][vc_column_inner width=&#8221;1\/3&#8243;]<div class=\"q_box_holder with_icon\" style=\"\"><div class=\"box_holder_icon\"><div class=\"box_holder_icon_inner   \" style=\"\"><div class=\"icon_holder_inner\"><span class=\"q_font_elegant_holder  \" style=\"font-size: 30px;\"><span class=\"icon_text_icon q_font_elegant_icon icon_tools\" aria-hidden=\"true\" style=\"font-size: 30px;\"><\/span><\/span><\/div><\/div><\/div><div class=\"box_holder_inner  center\"><h4 class=\"icon_title\" style=\"\">5. UTF\u00d8RELSE<\/h4><p style=\"\">Oppf\u00f8lging p\u00e5 byggeplass, bestilling av m\u00f8bler og oppf\u00f8lging av leveranser.<\/p><\/div><\/div>[vc_separator type=&#8221;transparent&#8221; up=&#8221;29&#8243; down=&#8221;0&#8243;][\/vc_column_inner][vc_column_inner width=&#8221;1\/3&#8243;]<div class=\"q_box_holder with_icon\" style=\"\"><div class=\"box_holder_icon\"><div class=\"box_holder_icon_inner   \" style=\"\"><div class=\"icon_holder_inner\"><span class=\"q_font_elegant_holder  \" style=\"font-size: 30px;\"><span class=\"icon_text_icon q_font_elegant_icon icon_check\" aria-hidden=\"true\" style=\"font-size: 30px;\"><\/span><\/span><\/div><\/div><\/div><div class=\"box_holder_inner  center\"><h4 class=\"icon_title\" style=\"\">6. FERDIGSTILLELSE<\/h4><p style=\"\">Ferdigbefaring. Evt supplering ved behov<\/p><\/div><\/div>[vc_separator type=&#8221;transparent&#8221; up=&#8221;29&#8243; down=&#8221;0&#8243;][\/vc_column_inner][\/vc_row_inner][\/vc_column][\/vc_row]<\/p>\n<\/div>","protected":false},"excerpt":{"rendered":"<p>[vc_row type=&#8221;grid&#8221; background_color=&#8221;#ffffff&#8221; padding_top=&#8221;80&#8243; css=&#8221;.vc_custom_1524123205796{padding-top: 0px !important;}&#8221;][vc_column][vc_row_inner type=&#8221;grid&#8221; css=&#8221;.vc_custom_1524123128712{padding-top: 10px !important;}&#8221;][vc_column_inner][vc_column_text] V\u00c5R ARBEIDSMETODE [\/vc_column_text][vc_separator type=&#8221;small&#8221; up=&#8221;18&#8243; down=&#8221;20&#8243;][vc_column_text] Vi kartlegger, analyserer, definerer og konkluderer. [\/vc_column_text][\/vc_column_inner][\/vc_row_inner][vc_row_inner type=&#8221;grid&#8221; padding_top=&#8221;85&#8243; padding_bottom=&#8221;90&#8243; css=&#8221;.vc_custom_1524122896482{padding-top: 30px !important;}&#8221;][vc_column_inner width=&#8221;1\/3&#8243;][vc_separator type=&#8221;transparent&#8221; up=&#8221;29&#8243; down=&#8221;0&#8243;][\/vc_column_inner][vc_column_inner width=&#8221;1\/3&#8243;][vc_separator type=&#8221;transparent&#8221; up=&#8221;29&#8243; down=&#8221;0&#8243;][\/vc_column_inner][vc_column_inner width=&#8221;1\/3&#8243;][vc_separator type=&#8221;transparent&#8221; up=&#8221;29&#8243; down=&#8221;0&#8243;][\/vc_column_inner][\/vc_row_inner][vc_row_inner type=&#8221;grid&#8221; padding_top=&#8221;85&#8243; padding_bottom=&#8221;90&#8243;&#8230;<\/p>\n","protected":false},"author":1,"featured_media":0,"parent":0,"menu_order":0,"comment_status":"open","ping_status":"open","template":"full_width.php","meta":{"footnotes":""},"class_list":["post-19153","page","type-page","status-publish","hentry"],"_links":{"self":[{"href":"https:\/\/365design.no\/index.php\/wp-json\/wp\/v2\/pages\/19153","targetHints":{"allow":["GET"]}}],"collection":[{"href":"https:\/\/365design.no\/index.php\/wp-json\/wp\/v2\/pages"}],"about":[{"href":"https:\/\/365design.no\/index.php\/wp-json\/wp\/v2\/types\/page"}],"author":[{"embeddable":true,"href":"https:\/\/365design.no\/index.php\/wp-json\/wp\/v2\/users\/1"}],"replies":[{"embeddable":true,"href":"https:\/\/365design.no\/index.php\/wp-json\/wp\/v2\/comments?post=19153"}],"version-history":[{"count":20,"href":"https:\/\/365design.no\/index.php\/wp-json\/wp\/v2\/pages\/19153\/revisions"}],"predecessor-version":[{"id":22085,"href":"https:\/\/365design.no\/index.php\/wp-json\/wp\/v2\/pages\/19153\/revisions\/22085"}],"wp:attachment":[{"href":"https:\/\/365design.no\/index.php\/wp-json\/wp\/v2\/media?parent=19153"}],"curies":[{"name":"wp","href":"https:\/\/api.w.org\/{rel}","templated":true}]}}