{"id":19080,"date":"2014-06-03T08:07:04","date_gmt":"2014-06-03T08:07:04","guid":{"rendered":"http:\/\/demo.select-themes.com\/stockholm15\/?page_id=19080"},"modified":"2018-04-19T09:07:01","modified_gmt":"2018-04-19T07:07:01","slug":"tjenester","status":"publish","type":"page","link":"https:\/\/365design.no\/index.php\/tjenester\/","title":{"rendered":"Tjenester"},"content":{"rendered":"<div class=\"wpb-content-wrapper\"><p>[vc_row type=&#8221;grid&#8221; background_color=&#8221;#ffffff&#8221; padding_top=&#8221;70&#8243; padding_bottom=&#8221;58&#8243;][vc_column][vc_row_inner type=&#8221;grid&#8221;][vc_column_inner width=&#8221;1\/2&#8243;][vc_single_image image=&#8221;21931&#8243; img_size=&#8221;full&#8221;][vc_separator type=&#8221;transparent&#8221; up=&#8221;29&#8243; down=&#8221;0&#8243;][\/vc_column_inner][vc_column_inner width=&#8221;1\/2&#8243;][vc_separator type=&#8221;transparent&#8221; up=&#8221;4&#8243; down=&#8221;0&#8243;][vc_column_text]<\/p>\n<h5>TJENESTER<\/h5>\n<p>[\/vc_column_text][vc_separator type=&#8221;small&#8221; position=&#8221;left&#8221; up=&#8221;18&#8243; down=&#8221;20&#8243;][vc_column_text]<b>365 DESIGN utf\u00f8rer tjenester som:<\/b><\/p>\n<ul>\n<li>Ide &#8211; og konseptutvikling<\/li>\n<li>Behovsanalyser<\/li>\n<li>M\u00f8bel\/komponentdesign<\/li>\n<li>Utarbeide planl\u00f8sninger for nye og eksisterende rom<\/li>\n<li>M\u00f8bleringsplan<\/li>\n<li>Belysning<\/li>\n<li>Definere m\u00f8bler, materialer, farger og tekstiler<\/li>\n<li>Tegne om eksisterende bolig (fasader, tilbygg)<\/li>\n<li>Byggemeldingstegninger<\/li>\n<li>Prosjektledelse<\/li>\n<li>Innkj\u00f8psprosess av m\u00f8bler<\/li>\n<\/ul>\n<p>&nbsp;<\/p>\n<p><b>VI KAN BIDRA TIL \u00c5 SKAPE ET INTERI\u00d8R SOM KAN \u00d8KE TRIVSEL OG FUNKSJON FOR DEG OG DIN FAMILIE ELLER FOR DIN BEDRIFT OG DINE MEDARBEIDERE. TA KONTAKT FOR EN UFORMELL PRAT!<\/b>[\/vc_column_text][vc_separator type=&#8221;transparent&#8221; up=&#8221;35&#8243; down=&#8221;0&#8243;]<a href=\"http:\/\/365design.no\/index.php\/kontakt\/\" target=\"_self\"  class=\"qbutton  small\" style=\"\">TA KONTAKT<\/a>[vc_separator type=&#8221;transparent&#8221; up=&#8221;29&#8243; down=&#8221;0&#8243;][\/vc_column_inner][\/vc_row_inner][\/vc_column][\/vc_row]<\/p>\n<\/div>","protected":false},"excerpt":{"rendered":"<p>[vc_row type=&#8221;grid&#8221; background_color=&#8221;#ffffff&#8221; padding_top=&#8221;70&#8243; padding_bottom=&#8221;58&#8243;][vc_column][vc_row_inner type=&#8221;grid&#8221;][vc_column_inner width=&#8221;1\/2&#8243;][vc_single_image image=&#8221;21931&#8243; img_size=&#8221;full&#8221;][vc_separator type=&#8221;transparent&#8221; up=&#8221;29&#8243; down=&#8221;0&#8243;][\/vc_column_inner][vc_column_inner width=&#8221;1\/2&#8243;][vc_separator type=&#8221;transparent&#8221; up=&#8221;4&#8243; down=&#8221;0&#8243;][vc_column_text] TJENESTER [\/vc_column_text][vc_separator type=&#8221;small&#8221; position=&#8221;left&#8221; up=&#8221;18&#8243; down=&#8221;20&#8243;][vc_column_text]365 DESIGN utf\u00f8rer tjenester som: Ide &#8211; og konseptutvikling Behovsanalyser M\u00f8bel\/komponentdesign Utarbeide planl\u00f8sninger for nye og eksisterende rom M\u00f8bleringsplan Belysning Definere m\u00f8bler, materialer, farger&#8230;<\/p>\n","protected":false},"author":1,"featured_media":0,"parent":0,"menu_order":0,"comment_status":"open","ping_status":"open","template":"full_width.php","meta":{"footnotes":""},"class_list":["post-19080","page","type-page","status-publish","hentry"],"_links":{"self":[{"href":"https:\/\/365design.no\/index.php\/wp-json\/wp\/v2\/pages\/19080","targetHints":{"allow":["GET"]}}],"collection":[{"href":"https:\/\/365design.no\/index.php\/wp-json\/wp\/v2\/pages"}],"about":[{"href":"https:\/\/365design.no\/index.php\/wp-json\/wp\/v2\/types\/page"}],"author":[{"embeddable":true,"href":"https:\/\/365design.no\/index.php\/wp-json\/wp\/v2\/users\/1"}],"replies":[{"embeddable":true,"href":"https:\/\/365design.no\/index.php\/wp-json\/wp\/v2\/comments?post=19080"}],"version-history":[{"count":9,"href":"https:\/\/365design.no\/index.php\/wp-json\/wp\/v2\/pages\/19080\/revisions"}],"predecessor-version":[{"id":22073,"href":"https:\/\/365design.no\/index.php\/wp-json\/wp\/v2\/pages\/19080\/revisions\/22073"}],"wp:attachment":[{"href":"https:\/\/365design.no\/index.php\/wp-json\/wp\/v2\/media?parent=19080"}],"curies":[{"name":"wp","href":"https:\/\/api.w.org\/{rel}","templated":true}]}}